{"id":364,"date":"2015-10-18T20:28:01","date_gmt":"2015-10-18T18:28:01","guid":{"rendered":"http:\/\/bordeauxworldheritage.com\/nv\/?page_id=364"},"modified":"2021-06-23T10:27:24","modified_gmt":"2021-06-23T08:27:24","slug":"acheter-le-livre-to-order-the-book","status":"publish","type":"page","link":"https:\/\/bordeauxworldheritage.com\/es\/acheter-le-livre-to-order-the-book\/","title":{"rendered":"\u00bfComprar el libro?"},"content":{"rendered":"<p class=\"qtranxs-available-languages-message qtranxs-available-languages-message-es\">Disculpa, pero esta entrada est\u00e1 disponible s\u00f3lo en <a href=\"https:\/\/bordeauxworldheritage.com\/fr\/wp-json\/wp\/v2\/pages\/364\" class=\"qtranxs-available-language-link qtranxs-available-language-link-fr\" title=\"Fran\u00e7ais\">Fran\u00e7ais<\/a>, <a href=\"https:\/\/bordeauxworldheritage.com\/en\/wp-json\/wp\/v2\/pages\/364\" class=\"qtranxs-available-language-link qtranxs-available-language-link-en\" title=\"English\">English<\/a>, <a href=\"https:\/\/bordeauxworldheritage.com\/zh\/wp-json\/wp\/v2\/pages\/364\" class=\"qtranxs-available-language-link qtranxs-available-language-link-zh\" title=\"\u4e2d\u6587\">\u4e2d\u6587<\/a>, <a href=\"https:\/\/bordeauxworldheritage.com\/it\/wp-json\/wp\/v2\/pages\/364\" class=\"qtranxs-available-language-link qtranxs-available-language-link-it\" title=\"Italiano\">Italiano<\/a>, <a href=\"https:\/\/bordeauxworldheritage.com\/pt\/wp-json\/wp\/v2\/pages\/364\" class=\"qtranxs-available-language-link qtranxs-available-language-link-pt\" title=\"Portugu\u00eas\">Portugu\u00eas<\/a>, <a href=\"https:\/\/bordeauxworldheritage.com\/ja\/wp-json\/wp\/v2\/pages\/364\" class=\"qtranxs-available-language-link qtranxs-available-language-link-ja\" title=\"\u65e5\u672c\u8a9e\">\u65e5\u672c\u8a9e<\/a> y <a href=\"https:\/\/bordeauxworldheritage.com\/ru\/wp-json\/wp\/v2\/pages\/364\" class=\"qtranxs-available-language-link qtranxs-available-language-link-ru\" title=\"Russian\">Russian<\/a>.<\/p>","protected":false},"excerpt":{"rendered":"<p>Disculpa, pero esta entrada est\u00e1 disponible s\u00f3lo en Fran\u00e7ais, English, \u4e2d\u6587, Italiano, Portugu\u00eas, \u65e5\u672c\u8a9e y Russian.<\/p>\n","protected":false},"author":8,"featured_media":0,"parent":0,"menu_order":5,"comment_status":"closed","ping_status":"closed","template":"","meta":{"footnotes":""},"class_list":["post-364","page","type-page","status-publish","hentry"],"_links":{"self":[{"href":"https:\/\/bordeauxworldheritage.com\/es\/wp-json\/wp\/v2\/pages\/364","targetHints":{"allow":["GET"]}}],"collection":[{"href":"https:\/\/bordeauxworldheritage.com\/es\/wp-json\/wp\/v2\/pages"}],"about":[{"href":"https:\/\/bordeauxworldheritage.com\/es\/wp-json\/wp\/v2\/types\/page"}],"author":[{"embeddable":true,"href":"https:\/\/bordeauxworldheritage.com\/es\/wp-json\/wp\/v2\/users\/8"}],"replies":[{"embeddable":true,"href":"https:\/\/bordeauxworldheritage.com\/es\/wp-json\/wp\/v2\/comments?post=364"}],"version-history":[{"count":31,"href":"https:\/\/bordeauxworldheritage.com\/es\/wp-json\/wp\/v2\/pages\/364\/revisions"}],"predecessor-version":[{"id":889,"href":"https:\/\/bordeauxworldheritage.com\/es\/wp-json\/wp\/v2\/pages\/364\/revisions\/889"}],"wp:attachment":[{"href":"https:\/\/bordeauxworldheritage.com\/es\/wp-json\/wp\/v2\/media?parent=364"}],"curies":[{"name":"wp","href":"https:\/\/api.w.org\/{rel}","templated":true}]}}